{"id":2001,"date":"2021-05-11T17:07:30","date_gmt":"2021-05-11T17:07:30","guid":{"rendered":"https:\/\/tahliyeplani.com\/?page_id=2001"},"modified":"2021-05-12T10:06:21","modified_gmt":"2021-05-12T10:06:21","slug":"yangin-tahliye-plani","status":"publish","type":"page","link":"https:\/\/tahliyeplani.com\/index.php\/yangin-tahliye-plani\/","title":{"rendered":"Yang\u0131n Tahliye Plan\u0131"},"content":{"rendered":"\t\t<div data-elementor-type=\"wp-page\" data-elementor-id=\"2001\" class=\"elementor elementor-2001\" data-elementor-settings=\"[]\">\n\t\t\t\t\t\t\t<div class=\"elementor-section-wrap\">\n\t\t\t\t\t\t\t<section class=\"elementor-section elementor-top-section elementor-element elementor-element-7cfd6ac elementor-section-boxed elementor-section-height-default elementor-section-height-default\" data-id=\"7cfd6ac\" data-element_type=\"section\" data-settings=\"{&quot;ekit_has_onepagescroll_dot&quot;:&quot;yes&quot;}\">\n\t\t\t\t\t\t<div class=\"elementor-container elementor-column-gap-default\">\n\t\t\t\t\t<div class=\"elementor-column elementor-col-50 elementor-top-column elementor-element elementor-element-0dca1b2\" data-id=\"0dca1b2\" data-element_type=\"column\">\n\t\t\t<div class=\"elementor-widget-wrap elementor-element-populated\">\n\t\t\t\t\t\t\t\t<div class=\"elementor-element elementor-element-9a89df9 elementor-widget elementor-widget-image\" data-id=\"9a89df9\" data-element_type=\"widget\" data-settings=\"{&quot;ekit_we_effect_on&quot;:&quot;none&quot;}\" data-widget_type=\"image.default\">\n\t\t\t\t<div class=\"elementor-widget-container\">\n\t\t\t\t\t\t\t\t\t\t\t\t\t\t\t<img width=\"900\" height=\"601\" src=\"https:\/\/tahliyeplani.com\/wp-content\/uploads\/2021\/05\/piotr-chrobot-M0WbGFRTXqU-unsplash-1024x684.jpg\" class=\"attachment-large size-large\" alt=\"yang\u0131n tahliye plan\u0131\" loading=\"lazy\" srcset=\"https:\/\/tahliyeplani.com\/wp-content\/uploads\/2021\/05\/piotr-chrobot-M0WbGFRTXqU-unsplash-1024x684.jpg 1024w, https:\/\/tahliyeplani.com\/wp-content\/uploads\/2021\/05\/piotr-chrobot-M0WbGFRTXqU-unsplash-300x200.jpg 300w, https:\/\/tahliyeplani.com\/wp-content\/uploads\/2021\/05\/piotr-chrobot-M0WbGFRTXqU-unsplash-768x513.jpg 768w, https:\/\/tahliyeplani.com\/wp-content\/uploads\/2021\/05\/piotr-chrobot-M0WbGFRTXqU-unsplash-1536x1026.jpg 1536w, https:\/\/tahliyeplani.com\/wp-content\/uploads\/2021\/05\/piotr-chrobot-M0WbGFRTXqU-unsplash-2048x1368.jpg 2048w, https:\/\/tahliyeplani.com\/wp-content\/uploads\/2021\/05\/piotr-chrobot-M0WbGFRTXqU-unsplash-350x234.jpg 350w\" sizes=\"(max-width: 900px) 100vw, 900px\" \/>\t\t\t\t\t\t\t\t\t\t\t\t\t\t\t<\/div>\n\t\t\t\t<\/div>\n\t\t\t\t\t<\/div>\n\t\t<\/div>\n\t\t\t\t<div class=\"elementor-column elementor-col-50 elementor-top-column elementor-element elementor-element-a1f3417\" data-id=\"a1f3417\" data-element_type=\"column\">\n\t\t\t<div class=\"elementor-widget-wrap elementor-element-populated\">\n\t\t\t\t\t\t\t\t<div class=\"elementor-element elementor-element-0d83b77 elementor-widget elementor-widget-heading\" data-id=\"0d83b77\" data-element_type=\"widget\" data-settings=\"{&quot;ekit_we_effect_on&quot;:&quot;none&quot;}\" data-widget_type=\"heading.default\">\n\t\t\t\t<div class=\"elementor-widget-container\">\n\t\t\t<h2 class=\"elementor-heading-title elementor-size-default\"><h2 style=\"font-family: Poppins, Arial, sans-serif; line-height: 1.2; color: rgb(34, 34, 34); font-size: 30px; letter-spacing: normal; white-space: normal; margin-bottom: 0px !important;\">YANGIN TAHL\u0130YE PROJELER\u0130<\/h2><\/h2>\t\t<\/div>\n\t\t\t\t<\/div>\n\t\t\t\t<div class=\"elementor-element elementor-element-3aa3deb elementor-widget elementor-widget-text-editor\" data-id=\"3aa3deb\" data-element_type=\"widget\" data-settings=\"{&quot;ekit_we_effect_on&quot;:&quot;none&quot;}\" data-widget_type=\"text-editor.default\">\n\t\t\t\t<div class=\"elementor-widget-container\">\n\t\t\t\t\t\t\t\t<p>Yang\u0131n an\u0131nda ba\u015fvurabilece\u011finiz, acil durum tahliye\u00a0 krokilerinin haz\u0131rlanmas\u0131 konusunda sizlerin yan\u0131nday\u0131z.<\/p><p>H\u0131zl\u0131ca Projelerinizi haz\u0131rlay\u0131p size teslim ediyoruz.<\/p>\t\t\t\t\t\t<\/div>\n\t\t\t\t<\/div>\n\t\t\t\t\t<\/div>\n\t\t<\/div>\n\t\t\t\t\t\t\t<\/div>\n\t\t<\/section>\n\t\t\t\t\t\t<\/div>\n\t\t\t\t\t<\/div>\n\t\t","protected":false},"excerpt":{"rendered":"<p>YANGIN TAHL\u0130YE PROJELER\u0130 Yang\u0131n an\u0131nda ba\u015fvurabilece\u011finiz, acil durum tahliye\u00a0 krokilerinin haz\u0131rlanmas\u0131 konusunda sizlerin yan\u0131nday\u0131z. H\u0131zl\u0131ca Projelerinizi haz\u0131rlay\u0131p size teslim ediyoruz.<\/p>\n","protected":false},"author":1,"featured_media":1919,"parent":0,"menu_order":0,"comment_status":"closed","ping_status":"closed","template":"","meta":[],"_links":{"self":[{"href":"https:\/\/tahliyeplani.com\/index.php\/wp-json\/wp\/v2\/pages\/2001"}],"collection":[{"href":"https:\/\/tahliyeplani.com\/index.php\/wp-json\/wp\/v2\/pages"}],"about":[{"href":"https:\/\/tahliyeplani.com\/index.php\/wp-json\/wp\/v2\/types\/page"}],"author":[{"embeddable":true,"href":"https:\/\/tahliyeplani.com\/index.php\/wp-json\/wp\/v2\/users\/1"}],"replies":[{"embeddable":true,"href":"https:\/\/tahliyeplani.com\/index.php\/wp-json\/wp\/v2\/comments?post=2001"}],"version-history":[{"count":19,"href":"https:\/\/tahliyeplani.com\/index.php\/wp-json\/wp\/v2\/pages\/2001\/revisions"}],"predecessor-version":[{"id":2162,"href":"https:\/\/tahliyeplani.com\/index.php\/wp-json\/wp\/v2\/pages\/2001\/revisions\/2162"}],"wp:featuredmedia":[{"embeddable":true,"href":"https:\/\/tahliyeplani.com\/index.php\/wp-json\/wp\/v2\/media\/1919"}],"wp:attachment":[{"href":"https:\/\/tahliyeplani.com\/index.php\/wp-json\/wp\/v2\/media?parent=2001"}],"curies":[{"name":"wp","href":"https:\/\/api.w.org\/{rel}","templated":true}]}}