{"id":2009,"date":"2021-05-11T17:13:16","date_gmt":"2021-05-11T17:13:16","guid":{"rendered":"https:\/\/tahliyeplani.com\/?page_id=2009"},"modified":"2021-05-12T10:17:06","modified_gmt":"2021-05-12T10:17:06","slug":"bina-tahliye-plani","status":"publish","type":"page","link":"https:\/\/tahliyeplani.com\/index.php\/bina-tahliye-plani\/","title":{"rendered":"Bina Tahliye Plan\u0131"},"content":{"rendered":"\t\t<div data-elementor-type=\"wp-page\" data-elementor-id=\"2009\" class=\"elementor elementor-2009\" data-elementor-settings=\"[]\">\n\t\t\t\t\t\t\t<div class=\"elementor-section-wrap\">\n\t\t\t\t\t\t\t<section class=\"elementor-section elementor-top-section elementor-element elementor-element-8a7e9fd elementor-section-boxed elementor-section-height-default elementor-section-height-default\" data-id=\"8a7e9fd\" data-element_type=\"section\" data-settings=\"{&quot;ekit_has_onepagescroll_dot&quot;:&quot;yes&quot;}\">\n\t\t\t\t\t\t<div class=\"elementor-container elementor-column-gap-default\">\n\t\t\t\t\t<div class=\"elementor-column elementor-col-100 elementor-top-column elementor-element elementor-element-9502c67\" data-id=\"9502c67\" data-element_type=\"column\">\n\t\t\t<div class=\"elementor-widget-wrap elementor-element-populated\">\n\t\t\t\t\t\t\t\t<div class=\"elementor-element elementor-element-61b95c9 elementor-widget elementor-widget-image\" data-id=\"61b95c9\" data-element_type=\"widget\" data-settings=\"{&quot;ekit_we_effect_on&quot;:&quot;none&quot;}\" data-widget_type=\"image.default\">\n\t\t\t\t<div class=\"elementor-widget-container\">\n\t\t\t\t\t\t\t\t\t\t\t\t\t\t\t<img width=\"900\" height=\"600\" src=\"https:\/\/tahliyeplani.com\/wp-content\/uploads\/2021\/05\/owen-lystrup-boLgiM0qwkg-unsplash-1024x683.jpg\" class=\"attachment-large size-large\" alt=\"\" loading=\"lazy\" srcset=\"https:\/\/tahliyeplani.com\/wp-content\/uploads\/2021\/05\/owen-lystrup-boLgiM0qwkg-unsplash-1024x683.jpg 1024w, https:\/\/tahliyeplani.com\/wp-content\/uploads\/2021\/05\/owen-lystrup-boLgiM0qwkg-unsplash-300x200.jpg 300w, https:\/\/tahliyeplani.com\/wp-content\/uploads\/2021\/05\/owen-lystrup-boLgiM0qwkg-unsplash-768x512.jpg 768w, https:\/\/tahliyeplani.com\/wp-content\/uploads\/2021\/05\/owen-lystrup-boLgiM0qwkg-unsplash-1536x1024.jpg 1536w, https:\/\/tahliyeplani.com\/wp-content\/uploads\/2021\/05\/owen-lystrup-boLgiM0qwkg-unsplash-2048x1365.jpg 2048w, https:\/\/tahliyeplani.com\/wp-content\/uploads\/2021\/05\/owen-lystrup-boLgiM0qwkg-unsplash-350x233.jpg 350w\" sizes=\"(max-width: 900px) 100vw, 900px\" \/>\t\t\t\t\t\t\t\t\t\t\t\t\t\t\t<\/div>\n\t\t\t\t<\/div>\n\t\t\t\t\t<\/div>\n\t\t<\/div>\n\t\t\t\t\t\t\t<\/div>\n\t\t<\/section>\n\t\t\t\t<section class=\"elementor-section elementor-top-section elementor-element elementor-element-f6657b2 elementor-section-boxed elementor-section-height-default elementor-section-height-default\" data-id=\"f6657b2\" data-element_type=\"section\" data-settings=\"{&quot;ekit_has_onepagescroll_dot&quot;:&quot;yes&quot;}\">\n\t\t\t\t\t\t<div class=\"elementor-container elementor-column-gap-default\">\n\t\t\t\t\t<div class=\"elementor-column elementor-col-100 elementor-top-column elementor-element elementor-element-1db97af\" data-id=\"1db97af\" data-element_type=\"column\">\n\t\t\t<div class=\"elementor-widget-wrap elementor-element-populated\">\n\t\t\t\t\t\t\t\t<div class=\"elementor-element elementor-element-c089647 elementor-widget elementor-widget-heading\" data-id=\"c089647\" data-element_type=\"widget\" data-settings=\"{&quot;ekit_we_effect_on&quot;:&quot;none&quot;}\" data-widget_type=\"heading.default\">\n\t\t\t\t<div class=\"elementor-widget-container\">\n\t\t\t<h2 class=\"elementor-heading-title elementor-size-default\">B\u0130NA AC\u0130L DURUM TAHL\u0130YE PLANLARI\n<\/h2>\t\t<\/div>\n\t\t\t\t<\/div>\n\t\t\t\t<div class=\"elementor-element elementor-element-b2cf102 elementor-widget elementor-widget-text-editor\" data-id=\"b2cf102\" data-element_type=\"widget\" data-settings=\"{&quot;ekit_we_effect_on&quot;:&quot;none&quot;}\" data-widget_type=\"text-editor.default\">\n\t\t\t\t<div class=\"elementor-widget-container\">\n\t\t\t\t\t\t\t\t<div class=\"vc_row wpb_row vc_row-fluid\"><div class=\"container\"><div class=\"row\"><div class=\"wpb_column vc_column_container vc_col-sm-12\"><div class=\"vc_column-inner\"><div class=\"wpb_wrapper\"><div class=\"wpb_text_column wpb_content_element \"><div class=\"wpb_wrapper\"><p><strong>Acil durum plan\u0131 haz\u0131rlaman\u0131n ama\u00e7lar\u0131 \u015fu \u015fekilde s\u0131ralanabilir:<\/strong><br \/>\uf0d8 Acil durumlara kar\u015f\u0131 her zaman haz\u0131r bulunulmas\u0131,<br \/>\uf0d8 Acil durumlar\u0131n neden oldu\u011fu durumlar\u0131n h\u0131zl\u0131 ve etkili bir bi\u00e7imde s\u0131n\u0131rland\u0131r\u0131lmas\u0131,<br \/>\uf0d8 Acil servis hizmetleri i\u015fyerine ula\u015f\u0131p kontrol alt\u0131na alana kadar acil durumun<br \/>y\u00f6netilmesi,<br \/>\uf0d8 D\u0131\u015far\u0131dan gelen acil durum ekiplerine bilgi verilerek ve ekipmanlarla yard\u0131mc\u0131 olunmas\u0131,<br \/>\uf0d8 T\u00fcm \u00e7al\u0131\u015fanlar\u0131n ve \u00e7evredekilerin acil durumlar\u0131n olumsuz etkilerinden korunmas\u0131<\/p><p>6331 say\u0131l\u0131 Kanunun 11 ve 12 nci maddelerinde de acil durum planlar\u0131, yang\u0131nla m\u00fccadele, ilk yard\u0131m ve tahliye ile ilgili h\u00fck\u00fcmler bulunmaktad\u0131r. 6331 say\u0131l\u0131 Kanun kapsam\u0131na giren t\u00fcm binalarda ve \u0130\u015fyerlerinde Acil Durumlar Hakk\u0131nda Y\u00f6netmeli\u011fe g\u00f6re acil durum plan\u0131 haz\u0131rlamakla y\u00fck\u00fcml\u00fcd\u00fcr.<\/p><p>Acil durum plan\u0131 risk de\u011ferlendirmesinin bir \u00e7\u0131kt\u0131s\u0131d\u0131r. Risk de\u011ferlendirmesiyle muhtemel tehlike ve riskler tespit edildikten sonra kontrol \u00f6nlemleri belirlenir. Bunun sonras\u0131nda risk de\u011ferlendirmesine ba\u011fl\u0131 olarak acil durumlar belirlenir ve y\u00f6netmelik h\u00fck\u00fcmlerine g\u00f6re acil durumlar\u0131n \u00f6nleyici ve s\u0131n\u0131rland\u0131r\u0131c\u0131 tedbirlerinin belirlendi\u011fi, m\u00fcdahale i\u00e7in prosed\u00fcrler ve tahliye planlar\u0131n\u0131 i\u00e7eren<\/p><\/div><\/div><\/div><\/div><\/div><\/div><\/div><\/div><div class=\"vc_row wpb_row vc_row-fluid\"><div class=\"container\"><div class=\"row\"><div class=\"wpb_column vc_column_container vc_col-sm-12\"><div class=\"vc_column-inner\"><div class=\"wpb_wrapper\"><div class=\"ba-empty-space \">\u00a0<\/div><\/div><\/div><\/div><\/div><\/div><\/div>\t\t\t\t\t\t<\/div>\n\t\t\t\t<\/div>\n\t\t\t\t\t<\/div>\n\t\t<\/div>\n\t\t\t\t\t\t\t<\/div>\n\t\t<\/section>\n\t\t\t\t\t\t<\/div>\n\t\t\t\t\t<\/div>\n\t\t","protected":false},"excerpt":{"rendered":"<p>B\u0130NA AC\u0130L DURUM TAHL\u0130YE PLANLARI Acil durum plan\u0131 haz\u0131rlaman\u0131n ama\u00e7lar\u0131 \u015fu \u015fekilde s\u0131ralanabilir: \uf0d8 Acil durumlara kar\u015f\u0131 her zaman haz\u0131r bulunulmas\u0131, \uf0d8 Acil durumlar\u0131n neden oldu\u011fu durumlar\u0131n h\u0131zl\u0131 ve etkili bir bi\u00e7imde s\u0131n\u0131rland\u0131r\u0131lmas\u0131, \uf0d8 Acil servis hizmetleri i\u015fyerine ula\u015f\u0131p kontrol alt\u0131na alana kadar acil durumun y\u00f6netilmesi, \uf0d8 D\u0131\u015far\u0131dan gelen acil durum ekiplerine bilgi verilerek ve [&hellip;]<\/p>\n","protected":false},"author":1,"featured_media":1919,"parent":0,"menu_order":0,"comment_status":"closed","ping_status":"closed","template":"","meta":[],"_links":{"self":[{"href":"https:\/\/tahliyeplani.com\/index.php\/wp-json\/wp\/v2\/pages\/2009"}],"collection":[{"href":"https:\/\/tahliyeplani.com\/index.php\/wp-json\/wp\/v2\/pages"}],"about":[{"href":"https:\/\/tahliyeplani.com\/index.php\/wp-json\/wp\/v2\/types\/page"}],"author":[{"embeddable":true,"href":"https:\/\/tahliyeplani.com\/index.php\/wp-json\/wp\/v2\/users\/1"}],"replies":[{"embeddable":true,"href":"https:\/\/tahliyeplani.com\/index.php\/wp-json\/wp\/v2\/comments?post=2009"}],"version-history":[{"count":5,"href":"https:\/\/tahliyeplani.com\/index.php\/wp-json\/wp\/v2\/pages\/2009\/revisions"}],"predecessor-version":[{"id":2178,"href":"https:\/\/tahliyeplani.com\/index.php\/wp-json\/wp\/v2\/pages\/2009\/revisions\/2178"}],"wp:featuredmedia":[{"embeddable":true,"href":"https:\/\/tahliyeplani.com\/index.php\/wp-json\/wp\/v2\/media\/1919"}],"wp:attachment":[{"href":"https:\/\/tahliyeplani.com\/index.php\/wp-json\/wp\/v2\/media?parent=2009"}],"curies":[{"name":"wp","href":"https:\/\/api.w.org\/{rel}","templated":true}]}}