{"id":2017,"date":"2021-05-11T17:17:04","date_gmt":"2021-05-11T17:17:04","guid":{"rendered":"https:\/\/tahliyeplani.com\/?page_id=2017"},"modified":"2021-05-12T10:08:26","modified_gmt":"2021-05-12T10:08:26","slug":"sosyal-mekanlarda-acil-durum-plani","status":"publish","type":"page","link":"https:\/\/tahliyeplani.com\/index.php\/sosyal-mekanlarda-acil-durum-plani\/","title":{"rendered":"Sosyal Mekanlarda Acil Durum Plan\u0131"},"content":{"rendered":"\t\t<div data-elementor-type=\"wp-page\" data-elementor-id=\"2017\" class=\"elementor elementor-2017\" data-elementor-settings=\"[]\">\n\t\t\t\t\t\t\t<div class=\"elementor-section-wrap\">\n\t\t\t\t\t\t\t<section class=\"elementor-section elementor-top-section elementor-element elementor-element-cc8c34b elementor-section-boxed elementor-section-height-default elementor-section-height-default\" data-id=\"cc8c34b\" data-element_type=\"section\" data-settings=\"{&quot;ekit_has_onepagescroll_dot&quot;:&quot;yes&quot;}\">\n\t\t\t\t\t\t<div class=\"elementor-container elementor-column-gap-default\">\n\t\t\t\t\t<div class=\"elementor-column elementor-col-50 elementor-top-column elementor-element elementor-element-9ae9c2b\" data-id=\"9ae9c2b\" data-element_type=\"column\">\n\t\t\t<div class=\"elementor-widget-wrap elementor-element-populated\">\n\t\t\t\t\t\t\t\t<div class=\"elementor-element elementor-element-c85b620 elementor-widget elementor-widget-image\" data-id=\"c85b620\" data-element_type=\"widget\" data-settings=\"{&quot;ekit_we_effect_on&quot;:&quot;none&quot;}\" data-widget_type=\"image.default\">\n\t\t\t\t<div class=\"elementor-widget-container\">\n\t\t\t\t\t\t\t\t\t\t\t\t\t\t\t<img width=\"900\" height=\"675\" src=\"https:\/\/tahliyeplani.com\/wp-content\/uploads\/2021\/05\/robin-spielmann-uzjd9nNtqGg-unsplash-1024x768.jpg\" class=\"attachment-large size-large\" alt=\"\" loading=\"lazy\" srcset=\"https:\/\/tahliyeplani.com\/wp-content\/uploads\/2021\/05\/robin-spielmann-uzjd9nNtqGg-unsplash-1024x768.jpg 1024w, https:\/\/tahliyeplani.com\/wp-content\/uploads\/2021\/05\/robin-spielmann-uzjd9nNtqGg-unsplash-300x225.jpg 300w, https:\/\/tahliyeplani.com\/wp-content\/uploads\/2021\/05\/robin-spielmann-uzjd9nNtqGg-unsplash-768x576.jpg 768w, https:\/\/tahliyeplani.com\/wp-content\/uploads\/2021\/05\/robin-spielmann-uzjd9nNtqGg-unsplash-1536x1152.jpg 1536w, https:\/\/tahliyeplani.com\/wp-content\/uploads\/2021\/05\/robin-spielmann-uzjd9nNtqGg-unsplash-2048x1536.jpg 2048w, https:\/\/tahliyeplani.com\/wp-content\/uploads\/2021\/05\/robin-spielmann-uzjd9nNtqGg-unsplash-350x262.jpg 350w\" sizes=\"(max-width: 900px) 100vw, 900px\" \/>\t\t\t\t\t\t\t\t\t\t\t\t\t\t\t<\/div>\n\t\t\t\t<\/div>\n\t\t\t\t\t<\/div>\n\t\t<\/div>\n\t\t\t\t<div class=\"elementor-column elementor-col-50 elementor-top-column elementor-element elementor-element-071ecc0\" data-id=\"071ecc0\" data-element_type=\"column\">\n\t\t\t<div class=\"elementor-widget-wrap elementor-element-populated\">\n\t\t\t\t\t\t\t\t<div class=\"elementor-element elementor-element-9c81cd6 elementor-widget elementor-widget-heading\" data-id=\"9c81cd6\" data-element_type=\"widget\" data-settings=\"{&quot;ekit_we_effect_on&quot;:&quot;none&quot;}\" data-widget_type=\"heading.default\">\n\t\t\t\t<div class=\"elementor-widget-container\">\n\t\t\t<h2 class=\"elementor-heading-title elementor-size-default\">Sosyal alanda acil durum planlar\u0131n\u0131n yerle\u015ftirilmesi\n<\/h2>\t\t<\/div>\n\t\t\t\t<\/div>\n\t\t\t\t<div class=\"elementor-element elementor-element-a317789 elementor-widget elementor-widget-text-editor\" data-id=\"a317789\" data-element_type=\"widget\" data-settings=\"{&quot;ekit_we_effect_on&quot;:&quot;none&quot;}\" data-widget_type=\"text-editor.default\">\n\t\t\t\t<div class=\"elementor-widget-container\">\n\t\t\t\t\t\t\t\t<div class=\"vc_row wpb_row vc_row-fluid\"><div class=\"container\"><div class=\"row\"><div class=\"wpb_column vc_column_container vc_col-sm-12\"><div class=\"vc_column-inner\"><div class=\"wpb_wrapper\"><div class=\"wpb_text_column wpb_content_element \"><div class=\"wpb_wrapper\"><p>Acil durum an\u0131nda ba\u015fvurabilece\u011finiz, tahliye projelerinin h\u0131zl\u0131ca haz\u0131rlanmas\u0131 konusunda sizlerin yan\u0131nday\u0131z.<\/p><p>Ortak alanlar\u0131n\u0131z i\u00e7in acil durum projelerinizi haz\u0131rlay\u0131p size teslim ediyoruz.<\/p><p>L\u00fctfen fiyat teklifi isteyiniz.<\/p><\/div><\/div><\/div><\/div><\/div><\/div><\/div><\/div><div class=\"vc_row wpb_row vc_row-fluid\"><div class=\"container\"><div class=\"row\"><div class=\"wpb_column vc_column_container vc_col-sm-12\"><div class=\"vc_column-inner\"><div class=\"wpb_wrapper\"><div class=\"ba-empty-space \">\u00a0<\/div><\/div><\/div><\/div><\/div><\/div><\/div>\t\t\t\t\t\t<\/div>\n\t\t\t\t<\/div>\n\t\t\t\t\t<\/div>\n\t\t<\/div>\n\t\t\t\t\t\t\t<\/div>\n\t\t<\/section>\n\t\t\t\t\t\t<\/div>\n\t\t\t\t\t<\/div>\n\t\t","protected":false},"excerpt":{"rendered":"<p>Sosyal alanda acil durum planlar\u0131n\u0131n yerle\u015ftirilmesi Acil durum an\u0131nda ba\u015fvurabilece\u011finiz, tahliye projelerinin h\u0131zl\u0131ca haz\u0131rlanmas\u0131 konusunda sizlerin yan\u0131nday\u0131z. Ortak alanlar\u0131n\u0131z i\u00e7in acil durum projelerinizi haz\u0131rlay\u0131p size teslim ediyoruz. L\u00fctfen fiyat teklifi isteyiniz.<\/p>\n","protected":false},"author":1,"featured_media":1919,"parent":0,"menu_order":0,"comment_status":"closed","ping_status":"closed","template":"","meta":[],"_links":{"self":[{"href":"https:\/\/tahliyeplani.com\/index.php\/wp-json\/wp\/v2\/pages\/2017"}],"collection":[{"href":"https:\/\/tahliyeplani.com\/index.php\/wp-json\/wp\/v2\/pages"}],"about":[{"href":"https:\/\/tahliyeplani.com\/index.php\/wp-json\/wp\/v2\/types\/page"}],"author":[{"embeddable":true,"href":"https:\/\/tahliyeplani.com\/index.php\/wp-json\/wp\/v2\/users\/1"}],"replies":[{"embeddable":true,"href":"https:\/\/tahliyeplani.com\/index.php\/wp-json\/wp\/v2\/comments?post=2017"}],"version-history":[{"count":5,"href":"https:\/\/tahliyeplani.com\/index.php\/wp-json\/wp\/v2\/pages\/2017\/revisions"}],"predecessor-version":[{"id":2165,"href":"https:\/\/tahliyeplani.com\/index.php\/wp-json\/wp\/v2\/pages\/2017\/revisions\/2165"}],"wp:featuredmedia":[{"embeddable":true,"href":"https:\/\/tahliyeplani.com\/index.php\/wp-json\/wp\/v2\/media\/1919"}],"wp:attachment":[{"href":"https:\/\/tahliyeplani.com\/index.php\/wp-json\/wp\/v2\/media?parent=2017"}],"curies":[{"name":"wp","href":"https:\/\/api.w.org\/{rel}","templated":true}]}}