{"id":2019,"date":"2021-05-11T17:17:55","date_gmt":"2021-05-11T17:17:55","guid":{"rendered":"https:\/\/tahliyeplani.com\/?page_id=2019"},"modified":"2021-05-12T10:11:21","modified_gmt":"2021-05-12T10:11:21","slug":"kacis-planlari","status":"publish","type":"page","link":"https:\/\/tahliyeplani.com\/index.php\/kacis-planlari\/","title":{"rendered":"Ka\u00e7\u0131\u015f Planlar\u0131"},"content":{"rendered":"\t\t<div data-elementor-type=\"wp-page\" data-elementor-id=\"2019\" class=\"elementor elementor-2019\" data-elementor-settings=\"[]\">\n\t\t\t\t\t\t\t<div class=\"elementor-section-wrap\">\n\t\t\t\t\t\t\t<section class=\"elementor-section elementor-top-section elementor-element elementor-element-65a1613 elementor-section-boxed elementor-section-height-default elementor-section-height-default\" data-id=\"65a1613\" data-element_type=\"section\" data-settings=\"{&quot;ekit_has_onepagescroll_dot&quot;:&quot;yes&quot;}\">\n\t\t\t\t\t\t<div class=\"elementor-container elementor-column-gap-default\">\n\t\t\t\t\t<div class=\"elementor-column elementor-col-50 elementor-top-column elementor-element elementor-element-c61bb1a\" data-id=\"c61bb1a\" data-element_type=\"column\">\n\t\t\t<div class=\"elementor-widget-wrap elementor-element-populated\">\n\t\t\t\t\t\t\t\t<div class=\"elementor-element elementor-element-279ca16 elementor-widget elementor-widget-image\" data-id=\"279ca16\" data-element_type=\"widget\" data-settings=\"{&quot;ekit_we_effect_on&quot;:&quot;none&quot;}\" data-widget_type=\"image.default\">\n\t\t\t\t<div class=\"elementor-widget-container\">\n\t\t\t\t\t\t\t\t\t\t\t\t\t\t\t<img width=\"900\" height=\"600\" src=\"https:\/\/tahliyeplani.com\/wp-content\/uploads\/2021\/05\/onlineprinters-fNqU-W8Fugk-unsplash-1024x683.jpg\" class=\"attachment-large size-large\" alt=\"\" loading=\"lazy\" srcset=\"https:\/\/tahliyeplani.com\/wp-content\/uploads\/2021\/05\/onlineprinters-fNqU-W8Fugk-unsplash-1024x683.jpg 1024w, https:\/\/tahliyeplani.com\/wp-content\/uploads\/2021\/05\/onlineprinters-fNqU-W8Fugk-unsplash-300x200.jpg 300w, https:\/\/tahliyeplani.com\/wp-content\/uploads\/2021\/05\/onlineprinters-fNqU-W8Fugk-unsplash-768x512.jpg 768w, https:\/\/tahliyeplani.com\/wp-content\/uploads\/2021\/05\/onlineprinters-fNqU-W8Fugk-unsplash-1536x1024.jpg 1536w, https:\/\/tahliyeplani.com\/wp-content\/uploads\/2021\/05\/onlineprinters-fNqU-W8Fugk-unsplash-2048x1365.jpg 2048w, https:\/\/tahliyeplani.com\/wp-content\/uploads\/2021\/05\/onlineprinters-fNqU-W8Fugk-unsplash-350x233.jpg 350w\" sizes=\"(max-width: 900px) 100vw, 900px\" \/>\t\t\t\t\t\t\t\t\t\t\t\t\t\t\t<\/div>\n\t\t\t\t<\/div>\n\t\t\t\t\t<\/div>\n\t\t<\/div>\n\t\t\t\t<div class=\"elementor-column elementor-col-50 elementor-top-column elementor-element elementor-element-01af201\" data-id=\"01af201\" data-element_type=\"column\">\n\t\t\t<div class=\"elementor-widget-wrap elementor-element-populated\">\n\t\t\t\t\t\t\t\t<div class=\"elementor-element elementor-element-4236206 elementor-widget elementor-widget-heading\" data-id=\"4236206\" data-element_type=\"widget\" data-settings=\"{&quot;ekit_we_effect_on&quot;:&quot;none&quot;}\" data-widget_type=\"heading.default\">\n\t\t\t\t<div class=\"elementor-widget-container\">\n\t\t\t<h2 class=\"elementor-heading-title elementor-size-default\">Ka\u00e7\u0131\u015f Plan\u0131 - Evacuation Plan\n<\/h2>\t\t<\/div>\n\t\t\t\t<\/div>\n\t\t\t\t<div class=\"elementor-element elementor-element-f80d036 elementor-widget elementor-widget-text-editor\" data-id=\"f80d036\" data-element_type=\"widget\" data-settings=\"{&quot;ekit_we_effect_on&quot;:&quot;none&quot;}\" data-widget_type=\"text-editor.default\">\n\t\t\t\t<div class=\"elementor-widget-container\">\n\t\t\t\t\t\t\t\t<p>Acil bir durumda se\u00e7enekleriniz olmas\u0131 i\u00e7in farkl\u0131 y\u00f6nlerde birka\u00e7 alternatif olmas\u0131 gerekmektedir. \u015eiddetli hava ko\u015fullar\u0131na ve tehtitlere kap\u0131lmaktan ka\u00e7\u0131nmak i\u00e7in en yak\u0131n ka\u00e7\u0131\u015f noktalar\u0131n\u0131n bilinmesi gerekir. \u00d6nerilen tahliye yollar\u0131n\u0131 izleyin. K\u0131sayollar se\u00e7meyin; engellenmi\u015f olabilirler. Tehlikeli yollar veya ge\u00e7i\u015fler ve devrilmi\u015f elektrik hatlar\u0131 gibi yol tehlikelerine kar\u015f\u0131 dikkatli olun. Bu ba\u011flamda haz\u0131rlanacak tahliye projeleri sizler i\u00e7in yol g\u00f6sterici nitelikte olmal\u0131d\u0131r.<\/p><p>Askeri tesis ve binalar i\u00e7in acil durum projelerinin haz\u0131rlanmas\u0131, Hastaneler i\u00e7in acil durum krokilerinin olu\u015fturulmas\u0131, Havaliman\u0131 ve terminal binalar\u0131n\u0131n acil ka\u00e7\u0131\u015f projelerinin yap\u0131lmas\u0131 ile birlikte. \u0130badethaneler, \u0130dari binalar, Kapal\u0131 spor merkezleri, k\u00fclt\u00fcr ve kongre merkezleri, m\u00fcze ve kongre salonlar\u0131, stadyum, hipodrom, veledromlar i\u00e7in acil durum tahliye planlar\u0131n\u0131n haz\u0131rlanmas\u0131 i\u015flerinin tamam\u0131nda sizlere yard\u0131mc\u0131 olmaktay\u0131z.<\/p><p>Bununla birlikte hizmet verdi\u011fimiz di\u011fer yap\u0131 t\u00fcrleri de \u015funlard\u0131r; Ticaret merkezleri ve Al\u0131\u015fveri\u015f Merkezleri i\u00e7in acil durum tahliye planlar\u0131. Toplu konut projeleri i\u00e7in acil durum projeleri. Tren, Gar ve istasyonlar i\u00e7in tahliye projeleri, Fuar merkezleri ve kompleksler i\u00e7in tahliye planlar\u0131. \u00dcniversite ve e\u011fitim kurumlar\u0131 i\u00e7in acil durum tahliye krokileri. Y\u00fcksek yap\u0131lar ve rezidanslar i\u00e7in tahliye planlar\u0131 ile Oteller ve tatil k\u00f6ylerine \u00f6zel olarak haz\u0131rlanacak tahliye planlar\u0131.<\/p>\t\t\t\t\t\t<\/div>\n\t\t\t\t<\/div>\n\t\t\t\t\t<\/div>\n\t\t<\/div>\n\t\t\t\t\t\t\t<\/div>\n\t\t<\/section>\n\t\t\t\t\t\t<\/div>\n\t\t\t\t\t<\/div>\n\t\t","protected":false},"excerpt":{"rendered":"<p>Ka\u00e7\u0131\u015f Plan\u0131 &#8211; Evacuation Plan Acil bir durumda se\u00e7enekleriniz olmas\u0131 i\u00e7in farkl\u0131 y\u00f6nlerde birka\u00e7 alternatif olmas\u0131 gerekmektedir. \u015eiddetli hava ko\u015fullar\u0131na ve tehtitlere kap\u0131lmaktan ka\u00e7\u0131nmak i\u00e7in en yak\u0131n ka\u00e7\u0131\u015f noktalar\u0131n\u0131n bilinmesi gerekir. \u00d6nerilen tahliye yollar\u0131n\u0131 izleyin. K\u0131sayollar se\u00e7meyin; engellenmi\u015f olabilirler. Tehlikeli yollar veya ge\u00e7i\u015fler ve devrilmi\u015f elektrik hatlar\u0131 gibi yol tehlikelerine kar\u015f\u0131 dikkatli olun. Bu ba\u011flamda [&hellip;]<\/p>\n","protected":false},"author":1,"featured_media":1919,"parent":0,"menu_order":0,"comment_status":"closed","ping_status":"closed","template":"","meta":[],"_links":{"self":[{"href":"https:\/\/tahliyeplani.com\/index.php\/wp-json\/wp\/v2\/pages\/2019"}],"collection":[{"href":"https:\/\/tahliyeplani.com\/index.php\/wp-json\/wp\/v2\/pages"}],"about":[{"href":"https:\/\/tahliyeplani.com\/index.php\/wp-json\/wp\/v2\/types\/page"}],"author":[{"embeddable":true,"href":"https:\/\/tahliyeplani.com\/index.php\/wp-json\/wp\/v2\/users\/1"}],"replies":[{"embeddable":true,"href":"https:\/\/tahliyeplani.com\/index.php\/wp-json\/wp\/v2\/comments?post=2019"}],"version-history":[{"count":8,"href":"https:\/\/tahliyeplani.com\/index.php\/wp-json\/wp\/v2\/pages\/2019\/revisions"}],"predecessor-version":[{"id":2169,"href":"https:\/\/tahliyeplani.com\/index.php\/wp-json\/wp\/v2\/pages\/2019\/revisions\/2169"}],"wp:featuredmedia":[{"embeddable":true,"href":"https:\/\/tahliyeplani.com\/index.php\/wp-json\/wp\/v2\/media\/1919"}],"wp:attachment":[{"href":"https:\/\/tahliyeplani.com\/index.php\/wp-json\/wp\/v2\/media?parent=2019"}],"curies":[{"name":"wp","href":"https:\/\/api.w.org\/{rel}","templated":true}]}}