{"id":2021,"date":"2021-05-11T17:18:47","date_gmt":"2021-05-11T17:18:47","guid":{"rendered":"https:\/\/tahliyeplani.com\/?page_id=2021"},"modified":"2021-05-12T10:09:37","modified_gmt":"2021-05-12T10:09:37","slug":"pandemi-acil-durum-plani","status":"publish","type":"page","link":"https:\/\/tahliyeplani.com\/index.php\/pandemi-acil-durum-plani\/","title":{"rendered":"Pandemi Acil Durum Plan\u0131"},"content":{"rendered":"\t\t<div data-elementor-type=\"wp-page\" data-elementor-id=\"2021\" class=\"elementor elementor-2021\" data-elementor-settings=\"[]\">\n\t\t\t\t\t\t\t<div class=\"elementor-section-wrap\">\n\t\t\t\t\t\t\t<section class=\"elementor-section elementor-top-section elementor-element elementor-element-53cbb3a elementor-section-boxed elementor-section-height-default elementor-section-height-default\" data-id=\"53cbb3a\" data-element_type=\"section\" data-settings=\"{&quot;ekit_has_onepagescroll_dot&quot;:&quot;yes&quot;}\">\n\t\t\t\t\t\t<div class=\"elementor-container elementor-column-gap-default\">\n\t\t\t\t\t<div class=\"elementor-column elementor-col-50 elementor-top-column elementor-element elementor-element-26fc4d2\" data-id=\"26fc4d2\" data-element_type=\"column\">\n\t\t\t<div class=\"elementor-widget-wrap elementor-element-populated\">\n\t\t\t\t\t\t\t\t<div class=\"elementor-element elementor-element-961a894 elementor-widget elementor-widget-image\" data-id=\"961a894\" data-element_type=\"widget\" data-settings=\"{&quot;ekit_we_effect_on&quot;:&quot;none&quot;}\" data-widget_type=\"image.default\">\n\t\t\t\t<div class=\"elementor-widget-container\">\n\t\t\t\t\t\t\t\t\t\t\t\t\t\t\t<img width=\"900\" height=\"600\" src=\"https:\/\/tahliyeplani.com\/wp-content\/uploads\/2021\/05\/martin-sanchez-Tzoe6VCvQYg-unsplash-1024x683.jpg\" class=\"attachment-large size-large\" alt=\"covid19\" loading=\"lazy\" srcset=\"https:\/\/tahliyeplani.com\/wp-content\/uploads\/2021\/05\/martin-sanchez-Tzoe6VCvQYg-unsplash-1024x683.jpg 1024w, https:\/\/tahliyeplani.com\/wp-content\/uploads\/2021\/05\/martin-sanchez-Tzoe6VCvQYg-unsplash-300x200.jpg 300w, https:\/\/tahliyeplani.com\/wp-content\/uploads\/2021\/05\/martin-sanchez-Tzoe6VCvQYg-unsplash-768x512.jpg 768w, https:\/\/tahliyeplani.com\/wp-content\/uploads\/2021\/05\/martin-sanchez-Tzoe6VCvQYg-unsplash-1536x1024.jpg 1536w, https:\/\/tahliyeplani.com\/wp-content\/uploads\/2021\/05\/martin-sanchez-Tzoe6VCvQYg-unsplash-2048x1365.jpg 2048w, https:\/\/tahliyeplani.com\/wp-content\/uploads\/2021\/05\/martin-sanchez-Tzoe6VCvQYg-unsplash-350x233.jpg 350w\" sizes=\"(max-width: 900px) 100vw, 900px\" \/>\t\t\t\t\t\t\t\t\t\t\t\t\t\t\t<\/div>\n\t\t\t\t<\/div>\n\t\t\t\t\t<\/div>\n\t\t<\/div>\n\t\t\t\t<div class=\"elementor-column elementor-col-50 elementor-top-column elementor-element elementor-element-fc320e7\" data-id=\"fc320e7\" data-element_type=\"column\">\n\t\t\t<div class=\"elementor-widget-wrap elementor-element-populated\">\n\t\t\t\t\t\t\t\t<div class=\"elementor-element elementor-element-707b835 elementor-widget elementor-widget-heading\" data-id=\"707b835\" data-element_type=\"widget\" data-settings=\"{&quot;ekit_we_effect_on&quot;:&quot;none&quot;}\" data-widget_type=\"heading.default\">\n\t\t\t\t<div class=\"elementor-widget-container\">\n\t\t\t<h2 class=\"elementor-heading-title elementor-size-default\">Salg\u0131n \u0130\u00e7in Acil Eylem Plan\u0131 Haz\u0131rlanmas\u0131\n<\/h2>\t\t<\/div>\n\t\t\t\t<\/div>\n\t\t\t\t<div class=\"elementor-element elementor-element-d53ff7d elementor-widget elementor-widget-text-editor\" data-id=\"d53ff7d\" data-element_type=\"widget\" data-settings=\"{&quot;ekit_we_effect_on&quot;:&quot;none&quot;}\" data-widget_type=\"text-editor.default\">\n\t\t\t\t<div class=\"elementor-widget-container\">\n\t\t\t\t\t\t\t\t<p>Genel olarak firman\u0131z\u0131n ziyaret\u00e7ilerinin ve \u00e7al\u0131\u015fanlar\u0131n\u0131n herhangi bir pandemi, salg\u0131n durumunda hangi noktalar\u0131n\u0131n, hangi \u00f6l\u00e7\u00fcde daha tehlikeli olabilece\u011finin tespitinin yap\u0131lmas\u0131 i\u015flemidir.<\/p><p>Kat baz\u0131nda her kat i\u00e7in \u00f6zel olarak haz\u0131rlanmaktad\u0131r. \u00c7al\u0131\u015fan personel say\u0131s\u0131, ge\u00e7i\u015f g\u00fczergahlar\u0131 ve ortak kullan\u0131m alanlar\u0131n\u0131n analizi sonucunda \u00e7e\u015fitli renk tablolar\u0131yla proje \u00fczerinde g\u00f6sterilmesi i\u015flemidir.<\/p><p>COVID-19 Koronavir\u00fcs Acil Durum Eylem Plan\u0131, Covid-19 Pandemisi Acil Eylem Plan\u0131, Salg\u0131n Acil Durum Projeleri gibi ana ba\u015fl\u0131klarda toplanmaktad\u0131r.<\/p>\t\t\t\t\t\t<\/div>\n\t\t\t\t<\/div>\n\t\t\t\t\t<\/div>\n\t\t<\/div>\n\t\t\t\t\t\t\t<\/div>\n\t\t<\/section>\n\t\t\t\t\t\t<\/div>\n\t\t\t\t\t<\/div>\n\t\t","protected":false},"excerpt":{"rendered":"<p>Salg\u0131n \u0130\u00e7in Acil Eylem Plan\u0131 Haz\u0131rlanmas\u0131 Genel olarak firman\u0131z\u0131n ziyaret\u00e7ilerinin ve \u00e7al\u0131\u015fanlar\u0131n\u0131n herhangi bir pandemi, salg\u0131n durumunda hangi noktalar\u0131n\u0131n, hangi \u00f6l\u00e7\u00fcde daha tehlikeli olabilece\u011finin tespitinin yap\u0131lmas\u0131 i\u015flemidir. Kat baz\u0131nda her kat i\u00e7in \u00f6zel olarak haz\u0131rlanmaktad\u0131r. \u00c7al\u0131\u015fan personel say\u0131s\u0131, ge\u00e7i\u015f g\u00fczergahlar\u0131 ve ortak kullan\u0131m alanlar\u0131n\u0131n analizi sonucunda \u00e7e\u015fitli renk tablolar\u0131yla proje \u00fczerinde g\u00f6sterilmesi i\u015flemidir. COVID-19 Koronavir\u00fcs [&hellip;]<\/p>\n","protected":false},"author":1,"featured_media":1919,"parent":0,"menu_order":0,"comment_status":"closed","ping_status":"closed","template":"","meta":[],"_links":{"self":[{"href":"https:\/\/tahliyeplani.com\/index.php\/wp-json\/wp\/v2\/pages\/2021"}],"collection":[{"href":"https:\/\/tahliyeplani.com\/index.php\/wp-json\/wp\/v2\/pages"}],"about":[{"href":"https:\/\/tahliyeplani.com\/index.php\/wp-json\/wp\/v2\/types\/page"}],"author":[{"embeddable":true,"href":"https:\/\/tahliyeplani.com\/index.php\/wp-json\/wp\/v2\/users\/1"}],"replies":[{"embeddable":true,"href":"https:\/\/tahliyeplani.com\/index.php\/wp-json\/wp\/v2\/comments?post=2021"}],"version-history":[{"count":8,"href":"https:\/\/tahliyeplani.com\/index.php\/wp-json\/wp\/v2\/pages\/2021\/revisions"}],"predecessor-version":[{"id":2167,"href":"https:\/\/tahliyeplani.com\/index.php\/wp-json\/wp\/v2\/pages\/2021\/revisions\/2167"}],"wp:featuredmedia":[{"embeddable":true,"href":"https:\/\/tahliyeplani.com\/index.php\/wp-json\/wp\/v2\/media\/1919"}],"wp:attachment":[{"href":"https:\/\/tahliyeplani.com\/index.php\/wp-json\/wp\/v2\/media?parent=2021"}],"curies":[{"name":"wp","href":"https:\/\/api.w.org\/{rel}","templated":true}]}}